{"id":8936,"date":"2021-05-11T14:54:50","date_gmt":"2021-05-11T14:54:50","guid":{"rendered":"https:\/\/www.forumlibertas.com\/eutanasia\/?page_id=8936"},"modified":"2021-05-12T10:42:00","modified_gmt":"2021-05-12T10:42:00","slug":"recursos","status":"publish","type":"page","link":"https:\/\/www.forumlibertas.com\/eutanasia\/recursos\/","title":{"rendered":"Recursos"},"content":{"rendered":"<section class=\"l-section wpb_row height_small color_alternate\"><div class=\"l-section-h i-cf\"><div class=\"g-cols vc_row type_default valign_top\"><div class=\"vc_col-sm-12 wpb_column vc_column_container\"><div class=\"vc_column-inner\"><div class=\"wpb_wrapper\"><div class=\"w-grid type_grid layout_7657 cols_3 ratio_1x1\" id=\"us_grid_1\" data-filterable=\"true\"><style id=\"us_grid_1_css\">#us_grid_1 .w-grid-item{padding:10px}#us_grid_1 .w-grid-list{margin:-10px}.w-grid + #us_grid_1 .w-grid-list{margin-top:10px}@media (max-width:899px){#us_grid_1 .w-grid-item{width:50.0000%}#us_grid_1 .w-grid-item.size_2x1,#us_grid_1 .w-grid-item.size_2x2{width:100.0000%}}@media (max-width:599px){#us_grid_1 .w-grid-list{margin:0}#us_grid_1 .w-grid-item{width:100.0000%;padding:0;margin-bottom:10px}}@media (min-width:1024px){#us_grid_1 .w-post-elm.post_title{font-size:1.8rem!important}}<\/style><style>.layout_7657 .w-grid-item-h:before{padding-bottom:100.0000%}@media (min-width:600px){.layout_7657 .w-grid-item.size_1x2 .w-grid-item-h:before{padding-bottom:calc(200.0000% + 10px + 10px)}.layout_7657 .w-grid-item.size_2x1 .w-grid-item-h:before{padding-bottom:calc(50.0000% - 10px * 1.0000)}.layout_7657 .w-grid-item.size_2x2 .w-grid-item-h:before{padding-bottom:calc(100.0000% - 10px * 0)}}.layout_7657 .w-grid-item-h{background:var(--color-content-link);color:#ffffff;border-radius:0.3rem;z-index:3;box-shadow:0 0.03rem 0.06rem rgba(0,0,0,0.1),0 0.10rem 0.30rem rgba(0,0,0,0.1);transition-duration:0.3s}.no-touch .layout_7657 .w-grid-item-h:hover{box-shadow:0 0.10rem 0.20rem rgba(0,0,0,0.1),0 0.33rem 1.00rem rgba(0,0,0,0.15);z-index:4}.layout_7657 .usg_post_image_1{position:absolute!important;top:0!important;right:0!important;bottom:0!important;left:0!important}.layout_7657 .usg_post_title_1{margin-bottom:0.2rem!important;font-family:'Poppins',sans-serif!important;font-size:1.4rem!important;font-weight:700!important;color:#ffffff!important}.layout_7657 .usg_vwrapper_1{position:absolute!important;right:0!important;bottom:0!important;left:0!important;background:linear-gradient(180deg,rgba(0,0,0,0),rgba(30,30,30,0.9))!important;padding:4rem 1.5rem 1.2rem 1.5rem!important}.layout_7657 .usg_post_taxonomy_1{font-weight:700!important;text-transform:uppercase!important;font-size:10px!important;margin-bottom:0.5rem!important}.layout_7657 .usg_post_date_1{color:rgba(255,255,255,0.66)!important;font-size:13px!important}.layout_7657 .usg_post_author_1{font-family:'Lato',sans-serif!important;font-size:0.9rem!important}.layout_7657 .usg_post_comments_1{font-family:'Lato',sans-serif!important;font-size:0.9rem!important}@media (max-width:599px){.layout_7657 .usg_post_title_1{font-size:1.2rem!important}}<\/style><div class=\"w-grid-list\" >\t<article class=\"w-grid-item size_1x1 post-9155 post type-post status-publish format-standard has-post-thumbnail hentry category-recursos tag-eutanasia\" data-id=\"9155\">\r\n\t\t<div class=\"w-grid-item-h\">\r\n\t\t\t\t\t\t<div class=\"w-post-elm post_image usg_post_image_1 stretched\"><a href=\"https:\/\/www.forumlibertas.com\/eutanasia\/que-ha-supuesto-la-aprobacion-de-la-ley-de-la-eutanasia-en-espana\/\" aria-label=\"Qu\u00e9 ha supuesto la aprobaci\u00f3n de la ley de la eutanasia en Espa\u00f1a\"><img decoding=\"async\" width=\"300\" height=\"194\" src=\"https:\/\/www.forumlibertas.com\/eutanasia\/wp-content\/uploads\/2021\/09\/mayor-oreja-eutanasia-kl6E-U401265667551Fs-620x400@abc-300x194.jpg\" class=\"attachment-medium size-medium wp-post-image\" alt=\"\" srcset=\"https:\/\/www.forumlibertas.com\/eutanasia\/wp-content\/uploads\/2021\/09\/mayor-oreja-eutanasia-kl6E-U401265667551Fs-620x400@abc-300x194.jpg 300w, https:\/\/www.forumlibertas.com\/eutanasia\/wp-content\/uploads\/2021\/09\/mayor-oreja-eutanasia-kl6E-U401265667551Fs-620x400@abc.jpg 620w\" sizes=\"(max-width: 300px) 100vw, 300px\" \/><\/a><\/div><div class=\"w-vwrapper usg_vwrapper_1 align_left valign_top\"><div class=\"w-post-elm post_taxonomy usg_post_taxonomy_1 style_badge color_link_inherit\"><a class=\"w-btn us-btn-style_badge\" href=\"https:\/\/www.forumlibertas.com\/eutanasia\/category\/recursos\/\"><span class=\"w-btn-label\">Recursos<\/span><\/a><\/div><h2 class=\"w-post-elm post_title usg_post_title_1 entry-title color_link_inherit has_text_color\"><a href=\"https:\/\/www.forumlibertas.com\/eutanasia\/que-ha-supuesto-la-aprobacion-de-la-ley-de-la-eutanasia-en-espana\/\">Qu\u00e9 ha supuesto la aprobaci\u00f3n de la ley de la eutanasia en Espa\u00f1a<\/a><\/h2><div class=\"w-hwrapper usg_hwrapper_1 align_left valign_top wrap\"><time class=\"w-post-elm post_date usg_post_date_1 entry-date published\" datetime=\"2021-09-22T10:39:31+00:00\">22 de septiembre de 2021<\/time><div class=\"w-post-elm post_author usg_post_author_2 vcard author color_link_inherit\"><div class=\"post-author-meta\"><a href=\"https:\/\/www.forumlibertas.com\/eutanasia\/author\/mar_baxerias\/\" class=\"post-author-name fn\">ForumLibertas.com<\/a><\/div><\/div><\/div><\/div>\t\t<\/div>\r\n\t<\/article>\r\n\t<article class=\"w-grid-item size_1x1 post-9073 post type-post status-publish format-standard has-post-thumbnail hentry category-recursos\" data-id=\"9073\">\r\n\t\t<div class=\"w-grid-item-h\">\r\n\t\t\t\t\t\t<div class=\"w-post-elm post_image usg_post_image_1 stretched\"><a href=\"https:\/\/www.forumlibertas.com\/eutanasia\/dudas-y-preguntas-ley-eutanasia\/\" aria-label=\"Dudas y preguntas sobre la aplicaci\u00f3n de la ley de la eutanasia en Espa\u00f1a\"><img decoding=\"async\" width=\"300\" height=\"160\" src=\"https:\/\/www.forumlibertas.com\/eutanasia\/wp-content\/uploads\/2021\/07\/eutanasia-600x320-1-300x160.jpg\" class=\"attachment-medium size-medium wp-post-image\" alt=\"\" srcset=\"https:\/\/www.forumlibertas.com\/eutanasia\/wp-content\/uploads\/2021\/07\/eutanasia-600x320-1-300x160.jpg 300w, https:\/\/www.forumlibertas.com\/eutanasia\/wp-content\/uploads\/2021\/07\/eutanasia-600x320-1.jpg 600w\" sizes=\"(max-width: 300px) 100vw, 300px\" \/><\/a><\/div><div class=\"w-vwrapper usg_vwrapper_1 align_left valign_top\"><div class=\"w-post-elm post_taxonomy usg_post_taxonomy_1 style_badge color_link_inherit\"><a class=\"w-btn us-btn-style_badge\" href=\"https:\/\/www.forumlibertas.com\/eutanasia\/category\/recursos\/\"><span class=\"w-btn-label\">Recursos<\/span><\/a><\/div><h2 class=\"w-post-elm post_title usg_post_title_1 entry-title color_link_inherit has_text_color\"><a href=\"https:\/\/www.forumlibertas.com\/eutanasia\/dudas-y-preguntas-ley-eutanasia\/\">Dudas y preguntas sobre la aplicaci\u00f3n de la ley de la eutanasia en Espa\u00f1a<\/a><\/h2><div class=\"w-hwrapper usg_hwrapper_1 align_left valign_top wrap\"><time class=\"w-post-elm post_date usg_post_date_1 entry-date published\" datetime=\"2021-07-01T07:25:58+00:00\">1 de julio de 2021<\/time><div class=\"w-post-elm post_author usg_post_author_2 vcard author color_link_inherit\"><div class=\"post-author-meta\"><a href=\"https:\/\/www.forumlibertas.com\/eutanasia\/author\/muntsa_escola\/\" class=\"post-author-name fn\">ForumLibertas.com<\/a><\/div><\/div><\/div><\/div>\t\t<\/div>\r\n\t<\/article>\r\n\t<article class=\"w-grid-item size_1x1 post-9068 post type-post status-publish format-standard has-post-thumbnail hentry category-recursos\" data-id=\"9068\">\r\n\t\t<div class=\"w-grid-item-h\">\r\n\t\t\t\t\t\t<div class=\"w-post-elm post_image usg_post_image_1 stretched\"><a href=\"https:\/\/www.forumlibertas.com\/eutanasia\/recomendaciones-eutanasia\/\" aria-label=\"El Colegio Oficial de Enfermer\u00eda de Madrid publica recomendaciones sobre la pr\u00e1ctica de la eutanasia\"><img decoding=\"async\" width=\"300\" height=\"169\" src=\"https:\/\/www.forumlibertas.com\/eutanasia\/wp-content\/uploads\/2021\/07\/enferma-600x337-1-300x169.jpg\" class=\"attachment-medium size-medium wp-post-image\" alt=\"\" srcset=\"https:\/\/www.forumlibertas.com\/eutanasia\/wp-content\/uploads\/2021\/07\/enferma-600x337-1-300x169.jpg 300w, https:\/\/www.forumlibertas.com\/eutanasia\/wp-content\/uploads\/2021\/07\/enferma-600x337-1.jpg 600w\" sizes=\"(max-width: 300px) 100vw, 300px\" \/><\/a><\/div><div class=\"w-vwrapper usg_vwrapper_1 align_left valign_top\"><div class=\"w-post-elm post_taxonomy usg_post_taxonomy_1 style_badge color_link_inherit\"><a class=\"w-btn us-btn-style_badge\" href=\"https:\/\/www.forumlibertas.com\/eutanasia\/category\/recursos\/\"><span class=\"w-btn-label\">Recursos<\/span><\/a><\/div><h2 class=\"w-post-elm post_title usg_post_title_1 entry-title color_link_inherit has_text_color\"><a href=\"https:\/\/www.forumlibertas.com\/eutanasia\/recomendaciones-eutanasia\/\">El Colegio Oficial de Enfermer\u00eda de Madrid publica recomendaciones sobre la pr\u00e1ctica de la eutanasia<\/a><\/h2><div class=\"w-hwrapper usg_hwrapper_1 align_left valign_top wrap\"><time class=\"w-post-elm post_date usg_post_date_1 entry-date published\" datetime=\"2021-05-27T09:00:04+00:00\">27 de mayo de 2021<\/time><div class=\"w-post-elm post_author usg_post_author_2 vcard author color_link_inherit\"><div class=\"post-author-meta\"><a href=\"https:\/\/www.forumlibertas.com\/eutanasia\/author\/muntsa_escola\/\" class=\"post-author-name fn\">ForumLibertas.com<\/a><\/div><\/div><\/div><\/div>\t\t<\/div>\r\n\t<\/article>\r\n<\/div><div class=\"w-grid-preloader\"><div class=\"g-preloader type_1\">\r\n\t<div><\/div>\r\n<\/div>\r\n<\/div>\t<div class=\"w-grid-json hidden\" onclick='return {&quot;action&quot;:&quot;us_ajax_grid&quot;,&quot;ajax_url&quot;:&quot;https:\\\/\\\/www.forumlibertas.com\\\/eutanasia\\\/wp-admin\\\/admin-ajax.php&quot;,&quot;infinite_scroll&quot;:0,&quot;max_num_pages&quot;:1,&quot;pagination&quot;:&quot;none&quot;,&quot;permalink_url&quot;:&quot;https:\\\/\\\/www.forumlibertas.com\\\/eutanasia\\\/wp-json\\\/wp\\\/v2\\\/pages\\\/8936&quot;,&quot;template_vars&quot;:{&quot;columns&quot;:&quot;3&quot;,&quot;exclude_items&quot;:&quot;none&quot;,&quot;img_size&quot;:&quot;default&quot;,&quot;ignore_items_size&quot;:false,&quot;items_layout&quot;:&quot;7657&quot;,&quot;items_offset&quot;:&quot;1&quot;,&quot;load_animation&quot;:&quot;none&quot;,&quot;overriding_link&quot;:&quot;none&quot;,&quot;post_id&quot;:8936,&quot;query_args&quot;:{&quot;post_type&quot;:[&quot;post&quot;],&quot;tax_query&quot;:[{&quot;taxonomy&quot;:&quot;category&quot;,&quot;field&quot;:&quot;slug&quot;,&quot;terms&quot;:[&quot;recursos&quot;]}],&quot;post_status&quot;:[&quot;publish&quot;],&quot;ignore_sticky_posts&quot;:1,&quot;posts_per_page&quot;:&quot;3&quot;},&quot;orderby_query_args&quot;:{&quot;orderby&quot;:{&quot;date&quot;:&quot;DESC&quot;}},&quot;type&quot;:&quot;grid&quot;,&quot;us_grid_ajax_index&quot;:1,&quot;us_grid_filter_params&quot;:null,&quot;us_grid_index&quot;:1,&quot;_us_grid_post_type&quot;:&quot;post&quot;}}'><\/div>\r\n\t<\/div><div class=\"w-separator size_medium\"><\/div><div class=\"w-grid type_masonry layout_8773 cols_4 overflow_hidden with_isotope with_css_animation\" id=\"us_grid_2\"><style id=\"us_grid_2_css\">#us_grid_2 .w-grid-item{padding:10px}#us_grid_2 .w-grid-list{margin:-10px -10px 10px}.w-grid + #us_grid_2 .w-grid-list{margin-top:10px}@media (max-width:1199px){#us_grid_2 .w-grid-item{width:33.3333%}}@media (max-width:899px){#us_grid_2 .w-grid-item{width:50.0000%}}@media (max-width:599px){#us_grid_2 .w-grid-list{margin:0}#us_grid_2 .w-grid-item{width:100.0000%;padding:0;margin-bottom:10px}}<\/style><style>.layout_8773 .w-grid-item-h{background:var(--color-content-bg);color:var(--color-content-text);border-radius:0.3rem;z-index:3;box-shadow:0 0.03rem 0.06rem rgba(0,0,0,0.1),0 0.10rem 0.30rem rgba(0,0,0,0.1);transition-duration:0.3s}.no-touch .layout_8773 .w-grid-item-h:hover{box-shadow:0 0.10rem 0.20rem rgba(0,0,0,0.1),0 0.33rem 1.00rem rgba(0,0,0,0.15);z-index:4}.layout_8773 .usg_post_image_1{margin-bottom:calc(-13px - 1.4rem)!important}.layout_8773 .usg_post_title_1{margin-bottom:0.3rem!important;font-family:'Poppins',sans-serif!important;font-size:1.1rem!important;font-weight:700!important}.layout_8773 .usg_vwrapper_1{padding:1.4rem 1.8rem 1.2rem 1.8rem!important}.layout_8773 .usg_post_taxonomy_1{font-weight:700!important;text-transform:uppercase!important;font-size:10px!important;margin-left:-12px!important}.layout_8773 .usg_post_date_1{font-size:14px!important;margin-bottom:0!important}<\/style><div class=\"w-grid-list\" ><\/div><div class=\"w-grid-preloader\"><div class=\"g-preloader type_1\">\r\n\t<div><\/div>\r\n<\/div>\r\n<\/div>\t<div class=\"w-grid-json hidden\" onclick='return {&quot;action&quot;:&quot;us_ajax_grid&quot;,&quot;ajax_url&quot;:&quot;https:\\\/\\\/www.forumlibertas.com\\\/eutanasia\\\/wp-admin\\\/admin-ajax.php&quot;,&quot;infinite_scroll&quot;:0,&quot;max_num_pages&quot;:0,&quot;pagination&quot;:&quot;infinite&quot;,&quot;permalink_url&quot;:&quot;https:\\\/\\\/www.forumlibertas.com\\\/eutanasia\\\/wp-json\\\/wp\\\/v2\\\/pages\\\/8936&quot;,&quot;template_vars&quot;:{&quot;columns&quot;:&quot;4&quot;,&quot;exclude_items&quot;:&quot;prev&quot;,&quot;img_size&quot;:&quot;thumbnail&quot;,&quot;ignore_items_size&quot;:false,&quot;items_layout&quot;:&quot;8773&quot;,&quot;items_offset&quot;:&quot;1&quot;,&quot;load_animation&quot;:&quot;fade&quot;,&quot;overriding_link&quot;:&quot;none&quot;,&quot;post_id&quot;:9068,&quot;query_args&quot;:{&quot;post_type&quot;:[&quot;post&quot;],&quot;tax_query&quot;:[{&quot;taxonomy&quot;:&quot;category&quot;,&quot;field&quot;:&quot;slug&quot;,&quot;terms&quot;:[&quot;recursos&quot;]}],&quot;post_status&quot;:[&quot;publish&quot;],&quot;ignore_sticky_posts&quot;:1,&quot;post__not_in&quot;:[9155,9073,9068],&quot;posts_per_page&quot;:&quot;8&quot;},&quot;orderby_query_args&quot;:{&quot;orderby&quot;:{&quot;date&quot;:&quot;DESC&quot;}},&quot;type&quot;:&quot;masonry&quot;,&quot;us_grid_ajax_index&quot;:1,&quot;us_grid_filter_params&quot;:null,&quot;us_grid_index&quot;:2,&quot;_us_grid_post_type&quot;:&quot;post&quot;}}'><\/div>\r\n\t<h4 class=\"w-grid-none\">No se han encontrado resultados.<\/h4><\/div><\/div><\/div><\/div><\/div><\/div><\/section>\n","protected":false},"excerpt":{"rendered":"El 18 de marzo de 2021, el Congreso de los Diputados aprobaba de forma definitiva la regulaci\u00f3n de ayuda para morir, la eutanasia, siendo publicada en el Bolet\u00edn Oficial del Estado la Ley Org\u00e1nica 3\/2021, de 24 de marzo, de regulaci\u00f3n de la eutanasia, estando prevista su entrada en vigor el 25 de junio de...","protected":false},"author":1,"featured_media":0,"parent":0,"menu_order":0,"comment_status":"closed","ping_status":"closed","template":"","meta":{"_FSMCFIC_featured_image_caption":"","_FSMCFIC_featured_image_nocaption":null,"_FSMCFIC_featured_image_hide":null,"footnotes":""},"class_list":["post-8936","page","type-page","status-publish","hentry"],"yoast_head":"<!-- This site is optimized with the Yoast SEO plugin v16.2 - https:\/\/yoast.com\/wordpress\/plugins\/seo\/ -->\n<title>Recursos - Eutanasia no, toda vida importa<\/title>\n<meta name=\"robots\" content=\"index, follow, max-snippet:-1, max-image-preview:large, max-video-preview:-1\" \/>\n<link rel=\"canonical\" href=\"https:\/\/www.forumlibertas.com\/eutanasia\/recursos\/\" \/>\n<meta property=\"og:locale\" content=\"es_ES\" \/>\n<meta property=\"og:type\" content=\"article\" \/>\n<meta property=\"og:title\" content=\"Recursos - Eutanasia no, toda vida importa\" \/>\n<meta property=\"og:url\" content=\"https:\/\/www.forumlibertas.com\/eutanasia\/recursos\/\" \/>\n<meta property=\"og:site_name\" content=\"Eutanasia no, toda vida importa\" \/>\n<meta property=\"article:modified_time\" content=\"2021-05-12T10:42:00+00:00\" \/>\n<meta name=\"twitter:card\" content=\"summary_large_image\" \/>\n<meta name=\"twitter:label1\" content=\"Tiempo de lectura\">\n\t<meta name=\"twitter:data1\" content=\"1 minuto\">\n<script type=\"application\/ld+json\" class=\"yoast-schema-graph\">{\"@context\":\"https:\/\/schema.org\",\"@graph\":[{\"@type\":\"WebSite\",\"@id\":\"https:\/\/www.forumlibertas.com\/eutanasia\/#website\",\"url\":\"https:\/\/www.forumlibertas.com\/eutanasia\/\",\"name\":\"Eutanasia no, toda vida importa\",\"description\":\"Otro sitio realizado con WordPress\",\"potentialAction\":[{\"@type\":\"SearchAction\",\"target\":\"https:\/\/www.forumlibertas.com\/eutanasia\/?s={search_term_string}\",\"query-input\":\"required name=search_term_string\"}],\"inLanguage\":\"es\"},{\"@type\":\"WebPage\",\"@id\":\"https:\/\/www.forumlibertas.com\/eutanasia\/recursos\/#webpage\",\"url\":\"https:\/\/www.forumlibertas.com\/eutanasia\/recursos\/\",\"name\":\"Recursos - Eutanasia no, toda vida importa\",\"isPartOf\":{\"@id\":\"https:\/\/www.forumlibertas.com\/eutanasia\/#website\"},\"datePublished\":\"2021-05-11T14:54:50+00:00\",\"dateModified\":\"2021-05-12T10:42:00+00:00\",\"breadcrumb\":{\"@id\":\"https:\/\/www.forumlibertas.com\/eutanasia\/recursos\/#breadcrumb\"},\"inLanguage\":\"es\",\"potentialAction\":[{\"@type\":\"ReadAction\",\"target\":[\"https:\/\/www.forumlibertas.com\/eutanasia\/recursos\/\"]}]},{\"@type\":\"BreadcrumbList\",\"@id\":\"https:\/\/www.forumlibertas.com\/eutanasia\/recursos\/#breadcrumb\",\"itemListElement\":[{\"@type\":\"ListItem\",\"position\":1,\"item\":{\"@type\":\"WebPage\",\"@id\":\"https:\/\/www.forumlibertas.com\/eutanasia\/\",\"url\":\"https:\/\/www.forumlibertas.com\/eutanasia\/\",\"name\":\"Portada\"}},{\"@type\":\"ListItem\",\"position\":2,\"item\":{\"@id\":\"https:\/\/www.forumlibertas.com\/eutanasia\/recursos\/#webpage\"}}]}]}<\/script>\n<!-- \/ Yoast SEO plugin. -->","wps_subtitle":"","_links":{"self":[{"href":"https:\/\/www.forumlibertas.com\/eutanasia\/wp-json\/wp\/v2\/pages\/8936","targetHints":{"allow":["GET"]}}],"collection":[{"href":"https:\/\/www.forumlibertas.com\/eutanasia\/wp-json\/wp\/v2\/pages"}],"about":[{"href":"https:\/\/www.forumlibertas.com\/eutanasia\/wp-json\/wp\/v2\/types\/page"}],"author":[{"embeddable":true,"href":"https:\/\/www.forumlibertas.com\/eutanasia\/wp-json\/wp\/v2\/users\/1"}],"replies":[{"embeddable":true,"href":"https:\/\/www.forumlibertas.com\/eutanasia\/wp-json\/wp\/v2\/comments?post=8936"}],"version-history":[{"count":4,"href":"https:\/\/www.forumlibertas.com\/eutanasia\/wp-json\/wp\/v2\/pages\/8936\/revisions"}],"predecessor-version":[{"id":9025,"href":"https:\/\/www.forumlibertas.com\/eutanasia\/wp-json\/wp\/v2\/pages\/8936\/revisions\/9025"}],"wp:attachment":[{"href":"https:\/\/www.forumlibertas.com\/eutanasia\/wp-json\/wp\/v2\/media?parent=8936"}],"curies":[{"name":"wp","href":"https:\/\/api.w.org\/{rel}","templated":true}]}}